{"id":84,"date":"2023-06-05T20:40:21","date_gmt":"2023-06-05T20:40:21","guid":{"rendered":"https:\/\/www.plemc.usach.cl\/morfismo\/?page_id=84"},"modified":"2023-06-20T18:48:03","modified_gmt":"2023-06-20T18:48:03","slug":"evento","status":"publish","type":"page","link":"https:\/\/www.plemc.usach.cl\/morfismo\/index.php\/evento\/","title":{"rendered":"Eventos"},"content":{"rendered":"\n<figure class=\"wp-block-image size-full\"><img decoding=\"async\" loading=\"lazy\" width=\"1000\" height=\"87\" src=\"https:\/\/www.plemc.usach.cl\/morfismo\/wp-content\/uploads\/2023\/06\/barra2-6.jpg\" alt=\"\" class=\"wp-image-172\" srcset=\"https:\/\/www.plemc.usach.cl\/morfismo\/wp-content\/uploads\/2023\/06\/barra2-6.jpg 1000w, https:\/\/www.plemc.usach.cl\/morfismo\/wp-content\/uploads\/2023\/06\/barra2-6-300x26.jpg 300w, https:\/\/www.plemc.usach.cl\/morfismo\/wp-content\/uploads\/2023\/06\/barra2-6-768x67.jpg 768w\" sizes=\"(max-width: 1000px) 100vw, 1000px\" \/><\/figure>\n\n\n\n<h1 class=\"wp-block-heading\"><strong>10 a\u00f1os del Doctorado en Educaci\u00f3n Matem\u00e1tica<\/strong><\/h1>\n\n\n\n<p><\/p>\n\n\n\n<p>Cordial saludo estimada Comunidad de Educaci\u00f3n Matem\u00e1tica.<br><\/p>\n\n\n\n<p>Les compartimos la&nbsp;<a href=\"https:\/\/uan.us8.list-manage.com\/track\/click?u=cc941960b12503275b1317942&amp;id=9b6c2af31c&amp;e=7457d0f05f\" target=\"_blank\" rel=\"noreferrer noopener\"><strong>Programaci\u00f3n de Conferencias y Cursillo<\/strong><\/a>&nbsp;del&nbsp;<strong>Simposio MEM 2023,&nbsp;<\/strong>que se realizar\u00e1&nbsp;<strong>16, 17 y<\/strong>&nbsp;<strong>18&nbsp;<\/strong><strong>de febrero de 2023<\/strong>,&nbsp;de modalidad h\u00edbrida (presencial o&nbsp; virtual).&nbsp;<br>Inscripci\u00f3n&nbsp;<strong>Hasta&nbsp;el 10 de febrero de 2023<\/strong>&nbsp;al&nbsp;<strong>Simposio MEM 2023&nbsp;<\/strong>en:<br><a href=\"https:\/\/uan.us8.list-manage.com\/track\/click?u=cc941960b12503275b1317942&amp;id=465875cb01&amp;e=7457d0f05f\" target=\"_blank\" rel=\"noreferrer noopener\">https:\/\/service.uan.edu.co\/<wbr>common\/inscriptions\/continued\/<wbr>?id_program=2858<\/a>&nbsp;<br><br>En el siguiente link puede ver la relaci\u00f3n de conferencistas invitados:&nbsp;<a href=\"https:\/\/uan.us8.list-manage.com\/track\/click?u=cc941960b12503275b1317942&amp;id=b990589596&amp;e=7457d0f05f\" target=\"_blank\" rel=\"noreferrer noopener\">https:\/\/www.<wbr>youtube.com\/watch?v=WFxtU9x_H-<wbr>0<\/a><\/p>\n\n\n\n<p>Para m\u00e1s informaci\u00f3n consultar la p\u00e1gina del Simposio en el link:&nbsp;<a href=\"https:\/\/uan.us8.list-manage.com\/track\/click?u=cc941960b12503275b1317942&amp;id=db4e0dbe3b&amp;e=7457d0f05f\" target=\"_blank\" rel=\"noreferrer noopener\">http:\/\/investigacion.uan.edu.<wbr>co\/mem-2023<\/a><br><br>El&nbsp;<strong>Simposio MEM 2023<\/strong>&nbsp;es organizado por los programas de Doctorado y Maestr\u00eda en Educaci\u00f3n Matem\u00e1tica de la Universidad Antonio Nari\u00f1o conjuntamente con el \u00e1rea de Educaci\u00f3n Matem\u00e1tica o Matem\u00e1tica&nbsp;de 24 universidades colombianas.&nbsp;<br>&nbsp;<\/p>\n\n\n\n<h5 class=\"wp-block-heading\"><strong>Esperamos su participaci\u00f3n!!!!!<\/strong><\/h5>\n\n\n\n<hr class=\"wp-block-separator has-alpha-channel-opacity\"\/>\n\n\n\n<h3 class=\"wp-block-heading has-luminous-vivid-orange-color has-text-color\"><strong>Les recordamos pr\u00f3ximos eventos<\/strong>:<\/h3>\n\n\n\n<p><strong>XIII Simposio de Matem\u00e1tica y Educaci\u00f3n Matem\u00e1tica, XII Congreso Internacional de Matem\u00e1tica asistida por Computador, III Simposio de Competiciones Matem\u00e1ticas (Simposio MEM 2022)<\/strong>,&nbsp;<strong>18 y 19 de febrero de 2023<\/strong>,<strong>&nbsp;<\/strong><strong>Universidad Antonio Nari\u00f1o,&nbsp;<\/strong>Colombia. Informaci\u00f3n al correo:&nbsp;<a href=\"mailto:mem@uan.edu.co\" target=\"_blank\" rel=\"noreferrer noopener\">mem@uan.edu.co<\/a><br><br><strong>XVI Conferencia Interamericana de Educaci\u00f3n Matem\u00e1tica (XVI&nbsp;CIAEM)<\/strong>,&nbsp;<strong>30 de julio al 4 de agosto del&nbsp;2023.&nbsp;Universidad de Lima, Lima, Per\u00fa.&nbsp;<\/strong>Informaci\u00f3n al link:&nbsp;<a href=\"https:\/\/xvi.ciaem-iacme.org\/\" target=\"_blank\" rel=\"noreferrer noopener\">https:\/\/xvi.ciaem-iacme.<wbr>org\/<\/a><br><br><strong>ICME-15 (2024). 15th International Congress on Mathematics Education<\/strong>,&nbsp;<strong>7 &#8211; 14 July 2024,&nbsp;ICC Sydney<\/strong>, Australia.&nbsp;<\/p>\n","protected":false},"excerpt":{"rendered":"<p>10 a\u00f1os del Doctorado en Educaci\u00f3n Matem\u00e1tica Cordial saludo estimada Comunidad de Educaci\u00f3n Matem\u00e1tica. Les compartimos la&nbsp;Programaci\u00f3n de Conferencias y Cursillo&nbsp;del&nbsp;Simposio MEM 2023,&nbsp;que se realizar\u00e1&nbsp;16, 17 y&nbsp;18&nbsp;de febrero de 2023,&nbsp;de modalidad h\u00edbrida (presencial o&nbsp; virtual).&nbsp;Inscripci\u00f3n&nbsp;Hasta&nbsp;el 10 de febrero de 2023&nbsp;al&nbsp;Simposio MEM 2023&nbsp;en:https:\/\/service.uan.edu.co\/common\/inscriptions\/continued\/?id_program=2858&nbsp; En el siguiente link puede ver la relaci\u00f3n de conferencistas invitados:&nbsp;https:\/\/www.youtube.com\/watch?v=WFxtU9x_H-0 Para m\u00e1s &hellip; <\/p>\n<p class=\"link-more\"><a href=\"https:\/\/www.plemc.usach.cl\/morfismo\/index.php\/evento\/\" class=\"more-link\">Read more<span class=\"screen-reader-text\"> \u00abEventos\u00bb<\/span><\/a><\/p>\n","protected":false},"author":2,"featured_media":0,"parent":0,"menu_order":0,"comment_status":"closed","ping_status":"closed","template":"","meta":[],"_links":{"self":[{"href":"https:\/\/www.plemc.usach.cl\/morfismo\/index.php\/wp-json\/wp\/v2\/pages\/84"}],"collection":[{"href":"https:\/\/www.plemc.usach.cl\/morfismo\/index.php\/wp-json\/wp\/v2\/pages"}],"about":[{"href":"https:\/\/www.plemc.usach.cl\/morfismo\/index.php\/wp-json\/wp\/v2\/types\/page"}],"author":[{"embeddable":true,"href":"https:\/\/www.plemc.usach.cl\/morfismo\/index.php\/wp-json\/wp\/v2\/users\/2"}],"replies":[{"embeddable":true,"href":"https:\/\/www.plemc.usach.cl\/morfismo\/index.php\/wp-json\/wp\/v2\/comments?post=84"}],"version-history":[{"count":5,"href":"https:\/\/www.plemc.usach.cl\/morfismo\/index.php\/wp-json\/wp\/v2\/pages\/84\/revisions"}],"predecessor-version":[{"id":236,"href":"https:\/\/www.plemc.usach.cl\/morfismo\/index.php\/wp-json\/wp\/v2\/pages\/84\/revisions\/236"}],"wp:attachment":[{"href":"https:\/\/www.plemc.usach.cl\/morfismo\/index.php\/wp-json\/wp\/v2\/media?parent=84"}],"curies":[{"name":"wp","href":"https:\/\/api.w.org\/{rel}","templated":true}]}}