{"id":77,"date":"2023-06-05T20:38:14","date_gmt":"2023-06-05T20:38:14","guid":{"rendered":"https:\/\/www.plemc.usach.cl\/morfismo\/?page_id=77"},"modified":"2023-09-28T17:53:36","modified_gmt":"2023-09-28T17:53:36","slug":"criticas-de-texto","status":"publish","type":"page","link":"https:\/\/www.plemc.usach.cl\/morfismo\/index.php\/criticas-de-texto\/","title":{"rendered":"Cr\u00edticas de Texto"},"content":{"rendered":"\n<figure class=\"wp-block-image size-full\"><img decoding=\"async\" loading=\"lazy\" width=\"1000\" height=\"87\" src=\"https:\/\/www.plemc.usach.cl\/morfismo\/wp-content\/uploads\/2023\/06\/barra2-6.jpg\" alt=\"\" class=\"wp-image-172\" srcset=\"https:\/\/www.plemc.usach.cl\/morfismo\/wp-content\/uploads\/2023\/06\/barra2-6.jpg 1000w, https:\/\/www.plemc.usach.cl\/morfismo\/wp-content\/uploads\/2023\/06\/barra2-6-300x26.jpg 300w, https:\/\/www.plemc.usach.cl\/morfismo\/wp-content\/uploads\/2023\/06\/barra2-6-768x67.jpg 768w\" sizes=\"(max-width: 1000px) 100vw, 1000px\" \/><\/figure>\n\n\n\n<p>Se muestra errores evidentes de textos que se publica para evitar su difusi\u00f3n y&nbsp;consiguiente deformaci\u00f3n de estudiantes.<\/p>\n\n\n\n<p><strong>LIBRO DE SEGUNDO A\u00d1O DE MATEM\u00c1TICAS A\u00d1O 1971<\/strong><\/p>\n\n\n\n<p>Libro de matem\u00e1tica segundo a\u00f1o medio, editorial Universitaria S.A<\/p>\n\n\n\n<p>De los profesores B\u00e9lgica Parra Guzm\u00e1n y Julio Villalobos Corona ambos en eso a\u00f1os de<\/p>\n\n\n\n<p>Profesores de Metodolog\u00eda de la ense\u00f1anza de las matem\u00e1ticas en el instituto Pedag\u00f3gico de la Universidad de Chile.<\/p>\n\n\n\n<figure class=\"wp-block-image\"><img decoding=\"async\" src=\"https:\/\/lh6.googleusercontent.com\/5WRVD3DbKeybvz23T1cl09QbkXcWr5s5vkcXYoAe7hNEgr50wcaGRMqUT9RwULbFiXHloGKG4JW_vnnl9r4puXX1ip8nQCFNVlCwley_co70QmdV__POliDZ3KRjm-1Xh6Nt4dP1-F-QOpS_cSyOOA\" alt=\"\"\/><\/figure>\n\n\n\n<p>En la p\u00e1gina 29 del libro est\u00e1 la siguiente figura sobre la explicaci\u00f3n de un objeto matem\u00e1tico \u00bfQu\u00e9 te parece esta explicaci\u00f3n sobre el supremo?<\/p>\n\n\n\n<figure class=\"wp-block-image\"><img decoding=\"async\" src=\"https:\/\/lh3.googleusercontent.com\/gcrZ363C3f_3AmvPyW1bR2xKUfu6EHALeI_pv4YYbP-O61AjgXHlp7YGUY5Q3hQULg2rE4t15rAKY7iUg9KDJ1uQqh3EN-wnzy1bCxFXJdr2Vke13tE9LSSilpicPijIyvw6hTs0ozIfKGS3AJgmkg\" alt=\"Un dibujo de un pizarr\u00f3n blanco\n\nDescripci\u00f3n generada autom\u00e1ticamente con confianza baja\"\/><\/figure>\n","protected":false},"excerpt":{"rendered":"<p>Se muestra errores evidentes de textos que se publica para evitar su difusi\u00f3n y&nbsp;consiguiente deformaci\u00f3n de estudiantes. LIBRO DE SEGUNDO A\u00d1O DE MATEM\u00c1TICAS A\u00d1O 1971 Libro de matem\u00e1tica segundo a\u00f1o medio, editorial Universitaria S.A De los profesores B\u00e9lgica Parra Guzm\u00e1n y Julio Villalobos Corona ambos en eso a\u00f1os de Profesores de Metodolog\u00eda de la ense\u00f1anza &hellip; <\/p>\n<p class=\"link-more\"><a href=\"https:\/\/www.plemc.usach.cl\/morfismo\/index.php\/criticas-de-texto\/\" class=\"more-link\">Read more<span class=\"screen-reader-text\"> \u00abCr\u00edticas de Texto\u00bb<\/span><\/a><\/p>\n","protected":false},"author":2,"featured_media":0,"parent":0,"menu_order":0,"comment_status":"closed","ping_status":"closed","template":"","meta":[],"_links":{"self":[{"href":"https:\/\/www.plemc.usach.cl\/morfismo\/index.php\/wp-json\/wp\/v2\/pages\/77"}],"collection":[{"href":"https:\/\/www.plemc.usach.cl\/morfismo\/index.php\/wp-json\/wp\/v2\/pages"}],"about":[{"href":"https:\/\/www.plemc.usach.cl\/morfismo\/index.php\/wp-json\/wp\/v2\/types\/page"}],"author":[{"embeddable":true,"href":"https:\/\/www.plemc.usach.cl\/morfismo\/index.php\/wp-json\/wp\/v2\/users\/2"}],"replies":[{"embeddable":true,"href":"https:\/\/www.plemc.usach.cl\/morfismo\/index.php\/wp-json\/wp\/v2\/comments?post=77"}],"version-history":[{"count":5,"href":"https:\/\/www.plemc.usach.cl\/morfismo\/index.php\/wp-json\/wp\/v2\/pages\/77\/revisions"}],"predecessor-version":[{"id":314,"href":"https:\/\/www.plemc.usach.cl\/morfismo\/index.php\/wp-json\/wp\/v2\/pages\/77\/revisions\/314"}],"wp:attachment":[{"href":"https:\/\/www.plemc.usach.cl\/morfismo\/index.php\/wp-json\/wp\/v2\/media?parent=77"}],"curies":[{"name":"wp","href":"https:\/\/api.w.org\/{rel}","templated":true}]}}