{"id":51,"date":"2023-06-05T16:31:04","date_gmt":"2023-06-05T16:31:04","guid":{"rendered":"https:\/\/www.plemc.usach.cl\/morfismo\/?page_id=51"},"modified":"2023-08-11T16:38:46","modified_gmt":"2023-08-11T16:38:46","slug":"comite-editorial","status":"publish","type":"page","link":"https:\/\/www.plemc.usach.cl\/morfismo\/index.php\/comite-editorial\/","title":{"rendered":"Comit\u00e9 editorial"},"content":{"rendered":"\n<figure class=\"wp-block-image size-full\"><img decoding=\"async\" loading=\"lazy\" width=\"1000\" height=\"87\" src=\"https:\/\/www.plemc.usach.cl\/morfismo\/wp-content\/uploads\/2023\/06\/barra2-2.jpg\" alt=\"\" class=\"wp-image-118\" srcset=\"https:\/\/www.plemc.usach.cl\/morfismo\/wp-content\/uploads\/2023\/06\/barra2-2.jpg 1000w, https:\/\/www.plemc.usach.cl\/morfismo\/wp-content\/uploads\/2023\/06\/barra2-2-300x26.jpg 300w, https:\/\/www.plemc.usach.cl\/morfismo\/wp-content\/uploads\/2023\/06\/barra2-2-768x67.jpg 768w\" sizes=\"(max-width: 1000px) 100vw, 1000px\" \/><\/figure>\n\n\n\n<div class=\"wp-block-columns is-layout-flex wp-container-3\">\n<div class=\"wp-block-column is-layout-flow\">\n<figure class=\"wp-block-image size-full\"><img decoding=\"async\" loading=\"lazy\" width=\"300\" height=\"300\" src=\"https:\/\/www.plemc.usach.cl\/morfismo\/wp-content\/uploads\/2023\/06\/samuelNavarro.jpg\" alt=\"\" class=\"wp-image-120\" srcset=\"https:\/\/www.plemc.usach.cl\/morfismo\/wp-content\/uploads\/2023\/06\/samuelNavarro.jpg 300w, https:\/\/www.plemc.usach.cl\/morfismo\/wp-content\/uploads\/2023\/06\/samuelNavarro-150x150.jpg 150w\" sizes=\"(max-width: 300px) 100vw, 300px\" \/><\/figure>\n<\/div>\n\n\n\n<div class=\"wp-block-column is-layout-flow\">\n<h3 class=\"wp-block-heading\">Dr. Samuel Navarro Hern\u00e1ndez<\/h3>\n\n\n\n<p class=\"has-medium-font-size\"><em>Director<\/em>.<\/p>\n\n\n\n<ul>\n<li>T\u00edtulos y\/o Grados:<br>&#8211; Doctor en Ciencia, Universidad Estadual de Campinas (SP), Brasil, 1982<br>&#8211; Magister en Matem\u00e1ticas, Universidad T\u00e9cnica del Estado, Chile, 1975<\/li>\n<\/ul>\n<\/div>\n<\/div>\n\n\n\n<div class=\"wp-block-columns is-layout-flex wp-container-6\">\n<div class=\"wp-block-column is-layout-flow\">\n<figure class=\"wp-block-image size-full\"><img decoding=\"async\" loading=\"lazy\" width=\"300\" height=\"300\" src=\"https:\/\/www.plemc.usach.cl\/morfismo\/wp-content\/uploads\/2023\/06\/danielaSoto.jpg\" alt=\"\" class=\"wp-image-124\" srcset=\"https:\/\/www.plemc.usach.cl\/morfismo\/wp-content\/uploads\/2023\/06\/danielaSoto.jpg 300w, https:\/\/www.plemc.usach.cl\/morfismo\/wp-content\/uploads\/2023\/06\/danielaSoto-150x150.jpg 150w\" sizes=\"(max-width: 300px) 100vw, 300px\" \/><\/figure>\n<\/div>\n\n\n\n<div class=\"wp-block-column is-layout-flow\">\n<h3 class=\"wp-block-heading\">Dra. Daniela Soto Soto<\/h3>\n\n\n\n<ul id=\"yui_3_17_2_1_1686005751832_48\">\n<li>T\u00edtulos y\/o Grados:<br>&#8211; Licenciada en Educaci\u00f3n y profesora de matem\u00e1ticas de la PUCV,2006<br>&#8211; Maestr\u00eda en Ciencias especialidad Matem\u00e1tica Educativa del Centro de Investigaci\u00f3n y&nbsp;&nbsp;de Estudios avanzados del IPN-M\u00e9xico, 2010<br>&#8211; Doctora en Ciencias especialidad Matem\u00e1tica Educativa del Centro de Investigaci\u00f3n y&nbsp;de Estudios avanzados del IPN-M\u00e9xico, 2014.<\/li>\n<\/ul>\n<\/div>\n<\/div>\n\n\n\n<div class=\"wp-block-columns is-layout-flex wp-container-9\">\n<div class=\"wp-block-column is-layout-flow\">\n<figure class=\"wp-block-image size-full\"><img decoding=\"async\" loading=\"lazy\" width=\"300\" height=\"300\" src=\"https:\/\/www.plemc.usach.cl\/morfismo\/wp-content\/uploads\/2023\/06\/hectorSilvaCrocci.jpg\" alt=\"\" class=\"wp-image-126\" srcset=\"https:\/\/www.plemc.usach.cl\/morfismo\/wp-content\/uploads\/2023\/06\/hectorSilvaCrocci.jpg 300w, https:\/\/www.plemc.usach.cl\/morfismo\/wp-content\/uploads\/2023\/06\/hectorSilvaCrocci-150x150.jpg 150w\" sizes=\"(max-width: 300px) 100vw, 300px\" \/><\/figure>\n<\/div>\n\n\n\n<div class=\"wp-block-column is-layout-flow\">\n<h3 class=\"wp-block-heading\">Dr. H\u00e9ctor Silva Crocci<\/h3>\n\n\n\n<ul id=\"yui_3_17_2_1_1686005751832_49\">\n<li>T\u00edtulos y\/o Grados:<br>&#8211; Licenciado en Educaci\u00f3n y Profesor de Matem\u00e1ticas. Pontificia Universidad Cat\u00f3lica de Valpara\u00edso, Chile, 2007.<br>&#8211; Maestro en Ciencias, Especialidad Matem\u00e1tica Educativa. Centro de Investigaci\u00f3n y de Estudios Avanzados del IPN, M\u00e9xico, 2010.<br>&#8211; Doctor en Ciencias , Especialidad Matem\u00e1tica Educativa. Centro de Investigaci\u00f3n y de Estudios Avanzados del IPN, M\u00e9xico, 2014.<\/li>\n<\/ul>\n<\/div>\n<\/div>\n\n\n\n<div class=\"wp-block-columns is-layout-flex wp-container-12\">\n<div class=\"wp-block-column is-layout-flow\">\n<figure class=\"wp-block-image size-full\"><img decoding=\"async\" loading=\"lazy\" width=\"300\" height=\"300\" src=\"https:\/\/www.plemc.usach.cl\/morfismo\/wp-content\/uploads\/2023\/06\/ximenaCatepillan.jpg\" alt=\"\" class=\"wp-image-128\" srcset=\"https:\/\/www.plemc.usach.cl\/morfismo\/wp-content\/uploads\/2023\/06\/ximenaCatepillan.jpg 300w, https:\/\/www.plemc.usach.cl\/morfismo\/wp-content\/uploads\/2023\/06\/ximenaCatepillan-150x150.jpg 150w\" sizes=\"(max-width: 300px) 100vw, 300px\" \/><\/figure>\n<\/div>\n\n\n\n<div class=\"wp-block-column is-layout-flow\">\n<h3 class=\"wp-block-heading\">Dra. Ximena Catepill\u00e1n<\/h3>\n\n\n\n<ul>\n<li>T\u00edtulos y\/o Grados:<br>&#8211; Profesora Em\u00e9rita de la Universidad de Millersville en Pennsylvania<br>&#8211; Master en Ciencias, The University of Iowa, 1989<br>&#8211; Doctor en Matem\u00e1ticas, The University of Iowa, 1991<\/li>\n<\/ul>\n<\/div>\n<\/div>\n\n\n\n<div class=\"wp-block-columns is-layout-flex wp-container-15\">\n<div class=\"wp-block-column is-layout-flow\">\n<figure class=\"wp-block-image size-full\"><img decoding=\"async\" loading=\"lazy\" width=\"300\" height=\"300\" src=\"https:\/\/www.plemc.usach.cl\/morfismo\/wp-content\/uploads\/2023\/06\/maximilianoGrimm.jpg\" alt=\"\" class=\"wp-image-130\" srcset=\"https:\/\/www.plemc.usach.cl\/morfismo\/wp-content\/uploads\/2023\/06\/maximilianoGrimm.jpg 300w, https:\/\/www.plemc.usach.cl\/morfismo\/wp-content\/uploads\/2023\/06\/maximilianoGrimm-150x150.jpg 150w\" sizes=\"(max-width: 300px) 100vw, 300px\" \/><\/figure>\n<\/div>\n\n\n\n<div class=\"wp-block-column is-layout-flow\">\n<h3 class=\"wp-block-heading\">Dr. David Maximilian Grimm<\/h3>\n\n\n\n<ul>\n<li>T\u00edtulos y\/o Grados:<br>&#8211; Profesor Asistente<br>&#8211; Doctorado (Matem\u00e1ticas), Universit\u00e4t Konstanz, Alemania, 2011<\/li>\n<\/ul>\n<\/div>\n<\/div>\n\n\n\n<div class=\"wp-block-columns is-layout-flex wp-container-18\">\n<div class=\"wp-block-column is-layout-flow\">\n<figure class=\"wp-block-image size-full\"><img decoding=\"async\" loading=\"lazy\" width=\"300\" height=\"300\" src=\"https:\/\/www.plemc.usach.cl\/morfismo\/wp-content\/uploads\/2023\/06\/retrato.jpg\" alt=\"\" class=\"wp-image-132\" srcset=\"https:\/\/www.plemc.usach.cl\/morfismo\/wp-content\/uploads\/2023\/06\/retrato.jpg 300w, https:\/\/www.plemc.usach.cl\/morfismo\/wp-content\/uploads\/2023\/06\/retrato-150x150.jpg 150w\" sizes=\"(max-width: 300px) 100vw, 300px\" \/><\/figure>\n<\/div>\n\n\n\n<div class=\"wp-block-column is-layout-flow\">\n<h3 class=\"wp-block-heading\">Dra. Gladys Bobadilla Abarca<\/h3>\n\n\n\n<ul>\n<li>T\u00edtulos y\/o Grados:<br>&#8211; Doctor en Ciencias Exactas, Menci\u00f3n Matem\u00e1tica, Pontificia Universidad Cat\u00f3lica de Chile, 1986<br>&#8211; Diplome d\u2019Etudes approfondies, Universit\u00e8 du Nice, Francia, 1977<br>&#8211; Licenciado en Matem\u00e1tica, Universidad de Concepci\u00f3n, Chile, 1972.<\/li>\n<\/ul>\n<\/div>\n<\/div>\n\n\n\n<div class=\"wp-block-columns is-layout-flex wp-container-21\">\n<div class=\"wp-block-column is-layout-flow\">\n<figure class=\"wp-block-image size-full\"><img decoding=\"async\" loading=\"lazy\" width=\"300\" height=\"300\" src=\"https:\/\/www.plemc.usach.cl\/morfismo\/wp-content\/uploads\/2023\/06\/sergioRubio-1.jpg\" alt=\"\" class=\"wp-image-135\" srcset=\"https:\/\/www.plemc.usach.cl\/morfismo\/wp-content\/uploads\/2023\/06\/sergioRubio-1.jpg 300w, https:\/\/www.plemc.usach.cl\/morfismo\/wp-content\/uploads\/2023\/06\/sergioRubio-1-150x150.jpg 150w\" sizes=\"(max-width: 300px) 100vw, 300px\" \/><\/figure>\n<\/div>\n\n\n\n<div class=\"wp-block-column is-layout-flow\">\n<h3 class=\"wp-block-heading\"><strong>Mg. Sergio Rubio-Pizzorno<\/strong><\/h3>\n\n\n\n<ul>\n<li>T\u00edtulos y\/o Grados:<br>&#8211; Licenciado en Educaci\u00f3n Matem\u00e1tica y Computaci\u00f3n<br>&#8211; Maestro en Ciencias, Especialidad Matem\u00e1tica Educativa. Centro de Investigaci\u00f3n y de Estudios Avanzados del IPN, M\u00e9xico.<\/li>\n<\/ul>\n<\/div>\n<\/div>\n\n\n\n<div class=\"wp-block-columns is-layout-flex wp-container-24\">\n<div class=\"wp-block-column is-layout-flow\">\n<figure class=\"wp-block-image size-full\"><img decoding=\"async\" loading=\"lazy\" width=\"300\" height=\"300\" src=\"https:\/\/www.plemc.usach.cl\/morfismo\/wp-content\/uploads\/2023\/06\/johnBaquedano.jpg\" alt=\"\" class=\"wp-image-137\" srcset=\"https:\/\/www.plemc.usach.cl\/morfismo\/wp-content\/uploads\/2023\/06\/johnBaquedano.jpg 300w, https:\/\/www.plemc.usach.cl\/morfismo\/wp-content\/uploads\/2023\/06\/johnBaquedano-150x150.jpg 150w\" sizes=\"(max-width: 300px) 100vw, 300px\" \/><\/figure>\n<\/div>\n\n\n\n<div class=\"wp-block-column is-layout-flow\">\n<h3 class=\"wp-block-heading\"><strong>Mg. John Baquedano Navarro<\/strong><\/h3>\n\n\n\n<ul>\n<li>T\u00edtulos y\/o Grados:<br>&#8211; Licenciado en Educaci\u00f3n Matem\u00e1tica y Computaci\u00f3n,2009.<br>&#8211; Magister en Ciencia con especialidad en matem\u00e1tica, Usach 2014.<br>&#8211; Estudiante de doctorado, Universidad de los Lagos.<\/li>\n<\/ul>\n<\/div>\n<\/div>\n\n\n\n<div class=\"wp-block-columns is-layout-flex wp-container-27\">\n<div class=\"wp-block-column is-layout-flow\">\n<figure class=\"wp-block-image size-full\"><img decoding=\"async\" loading=\"lazy\" width=\"300\" height=\"300\" src=\"https:\/\/www.plemc.usach.cl\/morfismo\/wp-content\/uploads\/2023\/06\/italoTroncoso.jpg\" alt=\"\" class=\"wp-image-139\" srcset=\"https:\/\/www.plemc.usach.cl\/morfismo\/wp-content\/uploads\/2023\/06\/italoTroncoso.jpg 300w, https:\/\/www.plemc.usach.cl\/morfismo\/wp-content\/uploads\/2023\/06\/italoTroncoso-150x150.jpg 150w\" sizes=\"(max-width: 300px) 100vw, 300px\" \/><\/figure>\n<\/div>\n\n\n\n<div class=\"wp-block-column is-layout-flow\">\n<h2 class=\"wp-block-heading\">Mg. Italo Troncoso<\/h2>\n\n\n\n<ul>\n<li>T\u00edtulos y\/o Grados:<br>&#8211; Licenciado en Educaci\u00f3n Matem\u00e1tica y Computaci\u00f3n<\/li>\n<\/ul>\n<\/div>\n<\/div>\n","protected":false},"excerpt":{"rendered":"<p>Dr. Samuel Navarro Hern\u00e1ndez Director. Dra. Daniela Soto Soto Dr. H\u00e9ctor Silva Crocci Dra. Ximena Catepill\u00e1n Dr. David Maximilian Grimm Dra. Gladys Bobadilla Abarca Mg. Sergio Rubio-Pizzorno Mg. John Baquedano Navarro Mg. Italo Troncoso<\/p>\n","protected":false},"author":2,"featured_media":0,"parent":0,"menu_order":0,"comment_status":"closed","ping_status":"closed","template":"","meta":[],"_links":{"self":[{"href":"https:\/\/www.plemc.usach.cl\/morfismo\/index.php\/wp-json\/wp\/v2\/pages\/51"}],"collection":[{"href":"https:\/\/www.plemc.usach.cl\/morfismo\/index.php\/wp-json\/wp\/v2\/pages"}],"about":[{"href":"https:\/\/www.plemc.usach.cl\/morfismo\/index.php\/wp-json\/wp\/v2\/types\/page"}],"author":[{"embeddable":true,"href":"https:\/\/www.plemc.usach.cl\/morfismo\/index.php\/wp-json\/wp\/v2\/users\/2"}],"replies":[{"embeddable":true,"href":"https:\/\/www.plemc.usach.cl\/morfismo\/index.php\/wp-json\/wp\/v2\/comments?post=51"}],"version-history":[{"count":15,"href":"https:\/\/www.plemc.usach.cl\/morfismo\/index.php\/wp-json\/wp\/v2\/pages\/51\/revisions"}],"predecessor-version":[{"id":309,"href":"https:\/\/www.plemc.usach.cl\/morfismo\/index.php\/wp-json\/wp\/v2\/pages\/51\/revisions\/309"}],"wp:attachment":[{"href":"https:\/\/www.plemc.usach.cl\/morfismo\/index.php\/wp-json\/wp\/v2\/media?parent=51"}],"curies":[{"name":"wp","href":"https:\/\/api.w.org\/{rel}","templated":true}]}}