{"id":49,"date":"2023-06-05T16:30:16","date_gmt":"2023-06-05T16:30:16","guid":{"rendered":"https:\/\/www.plemc.usach.cl\/morfismo\/?page_id=49"},"modified":"2023-06-05T22:12:04","modified_gmt":"2023-06-05T22:12:04","slug":"bienvenidos-y-bienvenidas-a-morfismo","status":"publish","type":"page","link":"https:\/\/www.plemc.usach.cl\/morfismo\/index.php\/bienvenidos-y-bienvenidas-a-morfismo\/","title":{"rendered":"Bienvenidos y bienvenidas a Morfismo."},"content":{"rendered":"\n<figure class=\"wp-block-image size-full\"><img decoding=\"async\" loading=\"lazy\" width=\"1000\" height=\"87\" src=\"https:\/\/www.plemc.usach.cl\/morfismo\/wp-content\/uploads\/2023\/06\/barra2.jpg\" alt=\"\" class=\"wp-image-115\" srcset=\"https:\/\/www.plemc.usach.cl\/morfismo\/wp-content\/uploads\/2023\/06\/barra2.jpg 1000w, https:\/\/www.plemc.usach.cl\/morfismo\/wp-content\/uploads\/2023\/06\/barra2-300x26.jpg 300w, https:\/\/www.plemc.usach.cl\/morfismo\/wp-content\/uploads\/2023\/06\/barra2-768x67.jpg 768w\" sizes=\"(max-width: 1000px) 100vw, 1000px\" \/><\/figure>\n\n\n\n<p>Morfismo es un ente de comunicaci\u00f3n reciproca entre los diferentes actores del programa de Pedagog\u00eda en Matem\u00e1tica y Computaci\u00f3n\/Licenciatura en Educaci\u00f3n Matem\u00e1tica y Computaci\u00f3n (PLEMC).&nbsp;<\/p>\n\n\n\n<p>Desde la PLEMC&nbsp;Hemos reconocido la necesidad de una comunicaci\u00f3n continua con nuestros titulados y tituladas, as\u00ed como con los\/las docentes que ejercen su labor en los centros de pr\u00e1ctica de nuestra instituci\u00f3n. Es por esto que nace la idea de generar este espacio que gener\u00e1 a toda la comunidad PLEMC a trav\u00e9s de lo virtual y lo presencial.&nbsp;<\/p>\n\n\n\n<p>Por una parte, contaremos con la plataforma uvirtual, para una comunicaci\u00f3n din\u00e1mica y constante, que nos permita compartir el trabajo desarrollado en las diferentes instituciones sobre educaci\u00f3n matem\u00e1tica y de la computaci\u00f3n, adem\u00e1s de generar espacios de dialogo y discusi\u00f3n sobre temas relevantes de nuestro quehacer educativo.<\/p>\n\n\n\n<p>Por otro lado, se generaran instancias presenciales de encuentros entre acad\u00e9micos, profesores de ense\u00f1anza media, egresados(as) y titulados (as), estudiantes y funcionarios(as). Donde compartiremos experiencias que nos permitir\u00e1 crecer como comunidad.&nbsp;<\/p>\n\n\n\n<p>Los y las invitamos a ser parte de este visionario proyecto, que busca generar sinergia entre los participantes de la comunidad PLEMC.&nbsp;<\/p>\n\n\n\n<p>Para ello pueden enviar sus proyectos, art\u00edculos, experiencias did\u00e1cticas, videos, fotograf\u00edas de sus generaciones,&nbsp;<a href=\"https:\/\/uvirtual.usach.cl\/moodle\/mod\/wiki\/view.php?id=1254331\">tesis<\/a>, materiales u otros elementos que contribuyan a la generaci\u00f3n de conocimiento para la ense\u00f1anza y el aprendizaje de las matem\u00e1ticas y de la computaci\u00f3n.&nbsp;<\/p>\n\n\n\n<p>Les saluda&nbsp;<\/p>\n\n\n\n<p>Daniela Soto Soto Jefa de carrera de PLEMC<\/p>\n","protected":false},"excerpt":{"rendered":"<p>Morfismo es un ente de comunicaci\u00f3n reciproca entre los diferentes actores del programa de Pedagog\u00eda en Matem\u00e1tica y Computaci\u00f3n\/Licenciatura en Educaci\u00f3n Matem\u00e1tica y Computaci\u00f3n (PLEMC).&nbsp; Desde la PLEMC&nbsp;Hemos reconocido la necesidad de una comunicaci\u00f3n continua con nuestros titulados y tituladas, as\u00ed como con los\/las docentes que ejercen su labor en los centros de pr\u00e1ctica de &hellip; <\/p>\n<p class=\"link-more\"><a href=\"https:\/\/www.plemc.usach.cl\/morfismo\/index.php\/bienvenidos-y-bienvenidas-a-morfismo\/\" class=\"more-link\">Read more<span class=\"screen-reader-text\"> \u00abBienvenidos y bienvenidas a Morfismo.\u00bb<\/span><\/a><\/p>\n","protected":false},"author":2,"featured_media":0,"parent":0,"menu_order":0,"comment_status":"closed","ping_status":"closed","template":"","meta":[],"_links":{"self":[{"href":"https:\/\/www.plemc.usach.cl\/morfismo\/index.php\/wp-json\/wp\/v2\/pages\/49"}],"collection":[{"href":"https:\/\/www.plemc.usach.cl\/morfismo\/index.php\/wp-json\/wp\/v2\/pages"}],"about":[{"href":"https:\/\/www.plemc.usach.cl\/morfismo\/index.php\/wp-json\/wp\/v2\/types\/page"}],"author":[{"embeddable":true,"href":"https:\/\/www.plemc.usach.cl\/morfismo\/index.php\/wp-json\/wp\/v2\/users\/2"}],"replies":[{"embeddable":true,"href":"https:\/\/www.plemc.usach.cl\/morfismo\/index.php\/wp-json\/wp\/v2\/comments?post=49"}],"version-history":[{"count":3,"href":"https:\/\/www.plemc.usach.cl\/morfismo\/index.php\/wp-json\/wp\/v2\/pages\/49\/revisions"}],"predecessor-version":[{"id":116,"href":"https:\/\/www.plemc.usach.cl\/morfismo\/index.php\/wp-json\/wp\/v2\/pages\/49\/revisions\/116"}],"wp:attachment":[{"href":"https:\/\/www.plemc.usach.cl\/morfismo\/index.php\/wp-json\/wp\/v2\/media?parent=49"}],"curies":[{"name":"wp","href":"https:\/\/api.w.org\/{rel}","templated":true}]}}