{"id":47,"date":"2023-06-05T16:29:03","date_gmt":"2023-06-05T16:29:03","guid":{"rendered":"https:\/\/www.plemc.usach.cl\/morfismo\/?page_id=47"},"modified":"2023-09-29T10:03:52","modified_gmt":"2023-09-29T10:03:52","slug":"morfismo","status":"publish","type":"page","link":"https:\/\/www.plemc.usach.cl\/morfismo\/","title":{"rendered":""},"content":{"rendered":"\n<figure class=\"wp-block-image size-full\"><img decoding=\"async\" loading=\"lazy\" width=\"1000\" height=\"219\" src=\"https:\/\/www.plemc.usach.cl\/morfismo\/wp-content\/uploads\/2023\/06\/head_concepto2.jpg\" alt=\"\" class=\"wp-image-111\" srcset=\"https:\/\/www.plemc.usach.cl\/morfismo\/wp-content\/uploads\/2023\/06\/head_concepto2.jpg 1000w, https:\/\/www.plemc.usach.cl\/morfismo\/wp-content\/uploads\/2023\/06\/head_concepto2-300x66.jpg 300w, https:\/\/www.plemc.usach.cl\/morfismo\/wp-content\/uploads\/2023\/06\/head_concepto2-768x168.jpg 768w\" sizes=\"(max-width: 1000px) 100vw, 1000px\" \/><\/figure>\n\n\n\n<h2 class=\"wp-block-heading has-black-color has-text-color\"><strong>El Concepto&nbsp;<\/strong><\/h2>\n\n\n\n<p>Nuestra carrera, que forma y ha formado docentes en matem\u00e1tica y computaci\u00f3n, crea un centro de interacciones entre personas o grupos de personas con la finalidad de mantener v\u00ednculos, no solo a trav\u00e9s de la disciplina que se cultiva en com\u00fan sino tambi\u00e9n como personas. Podr\u00edamos llamarla una RED y a las interacciones ser\u00e1n los morfismos.<\/p>\n\n\n\n<hr class=\"wp-block-separator has-alpha-channel-opacity\"\/>\n\n\n\n<h2 class=\"wp-block-heading\">Video Presentaci\u00f3n<\/h2>\n\n\n\n<figure class=\"wp-block-embed is-type-video is-provider-youtube wp-block-embed-youtube wp-embed-aspect-16-9 wp-has-aspect-ratio\"><div class=\"wp-block-embed__wrapper\">\n<iframe loading=\"lazy\" title=\"Video present Morfismo 280923\" width=\"950\" height=\"534\" src=\"https:\/\/www.youtube.com\/embed\/0s8Kvl1K7_M?feature=oembed\" frameborder=\"0\" allow=\"accelerometer; autoplay; clipboard-write; encrypted-media; gyroscope; picture-in-picture; web-share\" allowfullscreen><\/iframe>\n<\/div><\/figure>\n\n\n\n<div class=\"wp-block-columns is-layout-flex wp-container-3\">\n<div class=\"wp-block-column is-layout-flow\">\n<h2 class=\"wp-block-heading\">\u00daltimos Art\u00edculos MORFISMO<\/h2>\n<\/div>\n\n\n\n<div class=\"wp-block-column is-layout-flow\">\n<h2 class=\"wp-block-heading\">Categor\u00edas<\/h2>\n<\/div>\n<\/div>\n\n\n\n<div class=\"wp-block-columns is-layout-flex wp-container-6\">\n<div class=\"wp-block-column is-layout-flow\"><ul class=\"wp-block-latest-posts__list wp-block-latest-posts\"><li><a class=\"wp-block-latest-posts__post-title\" href=\"https:\/\/www.plemc.usach.cl\/morfismo\/index.php\/2023\/06\/22\/misterios-matematicos-de-rapa-nui-con-actividades-para-el-aula-de-clases-agradecimientos-y-acerca-de-los-autores\/\">Misterios Matem\u00e1ticos de Rapa Nui con Actividades para el Aula de Clases: Agradecimientos y Acerca de los Autores<\/a><\/li>\n<li><a class=\"wp-block-latest-posts__post-title\" href=\"https:\/\/www.plemc.usach.cl\/morfismo\/index.php\/2023\/06\/22\/misterios-matematicos-de-rapa-nui-con-actividades-para-el-aula-de-clases-conclusion\/\">Misterios Matem\u00e1ticos de Rapa Nui con Actividades para el Aula de Clases: Conclusi\u00f3n<\/a><\/li>\n<li><a class=\"wp-block-latest-posts__post-title\" href=\"https:\/\/www.plemc.usach.cl\/morfismo\/index.php\/2023\/06\/22\/misterios-matematicos-de-rapa-nui-con-actividades-para-el-aula-de-clases-las-actividades\/\">Misterios Matem\u00e1ticos de Rapa Nui con Actividades para el Aula de Clases: Las Actividades<\/a><\/li>\n<li><a class=\"wp-block-latest-posts__post-title\" href=\"https:\/\/www.plemc.usach.cl\/morfismo\/index.php\/2023\/06\/22\/misterios-matematicos-de-rapa-nui-con-actividades-para-el-aula-de-clases-misterio-matematico-2-geometria-de-los-cimientos-de-las-hare-paenga-casa-bote\/\">Misterios Matem\u00e1ticos de Rapa Nui con Actividades para el Aula de Clases: Misterio Matem\u00e1tico 2 &#8211; Geometr\u00eda de los Cimientos de las Hare Paenga (Casa Bote)<\/a><\/li>\n<li><a class=\"wp-block-latest-posts__post-title\" href=\"https:\/\/www.plemc.usach.cl\/morfismo\/index.php\/2023\/06\/22\/misterios-matematicos-de-rapa-nui-con-actividades-para-el-aula-de-clases-antecedentes-sobre-las-hare-paenga-casas-botes\/\">Misterios Matem\u00e1ticos de Rapa Nui con Actividades para el Aula de Clases: Antecedentes sobre las Hare Paenga (Casas Botes)<\/a><\/li>\n<\/ul><\/div>\n\n\n\n<div class=\"wp-block-column is-layout-flow\"><ul class=\"wp-block-categories-list wp-block-categories\">\t<li class=\"cat-item cat-item-5\"><a href=\"https:\/\/www.plemc.usach.cl\/morfismo\/index.php\/category\/ensenanza-aprendizaje\/\">Ense\u00f1anza y aprendizaje<\/a>\n<\/li>\n\t<li class=\"cat-item cat-item-1\"><a href=\"https:\/\/www.plemc.usach.cl\/morfismo\/index.php\/category\/investigacion\/\">Investigaci\u00f3n<\/a>\n<\/li>\n\t<li class=\"cat-item cat-item-6\"><a href=\"https:\/\/www.plemc.usach.cl\/morfismo\/index.php\/category\/tecnologia\/\">Tecnolog\u00eda<\/a>\n<\/li>\n<\/ul><\/div>\n<\/div>\n\n\n\n<figure class=\"wp-block-image size-full\"><img decoding=\"async\" loading=\"lazy\" width=\"600\" height=\"97\" src=\"https:\/\/www.plemc.usach.cl\/morfismo\/wp-content\/uploads\/2023\/09\/logo_Morfismo-1.png\" alt=\"\" class=\"wp-image-324\" srcset=\"https:\/\/www.plemc.usach.cl\/morfismo\/wp-content\/uploads\/2023\/09\/logo_Morfismo-1.png 600w, https:\/\/www.plemc.usach.cl\/morfismo\/wp-content\/uploads\/2023\/09\/logo_Morfismo-1-300x49.png 300w\" sizes=\"(max-width: 600px) 100vw, 600px\" \/><\/figure>\n","protected":false},"excerpt":{"rendered":"<p>El Concepto&nbsp; Nuestra carrera, que forma y ha formado docentes en matem\u00e1tica y computaci\u00f3n, crea un centro de interacciones entre personas o grupos de personas con la finalidad de mantener v\u00ednculos, no solo a trav\u00e9s de la disciplina que se cultiva en com\u00fan sino tambi\u00e9n como personas. Podr\u00edamos llamarla una RED y a las interacciones &hellip; <\/p>\n<p class=\"link-more\"><a href=\"https:\/\/www.plemc.usach.cl\/morfismo\/\" class=\"more-link\">Read more<span class=\"screen-reader-text\"> \u00ab\u00bb<\/span><\/a><\/p>\n","protected":false},"author":2,"featured_media":0,"parent":0,"menu_order":0,"comment_status":"closed","ping_status":"closed","template":"","meta":[],"_links":{"self":[{"href":"https:\/\/www.plemc.usach.cl\/morfismo\/index.php\/wp-json\/wp\/v2\/pages\/47"}],"collection":[{"href":"https:\/\/www.plemc.usach.cl\/morfismo\/index.php\/wp-json\/wp\/v2\/pages"}],"about":[{"href":"https:\/\/www.plemc.usach.cl\/morfismo\/index.php\/wp-json\/wp\/v2\/types\/page"}],"author":[{"embeddable":true,"href":"https:\/\/www.plemc.usach.cl\/morfismo\/index.php\/wp-json\/wp\/v2\/users\/2"}],"replies":[{"embeddable":true,"href":"https:\/\/www.plemc.usach.cl\/morfismo\/index.php\/wp-json\/wp\/v2\/comments?post=47"}],"version-history":[{"count":23,"href":"https:\/\/www.plemc.usach.cl\/morfismo\/index.php\/wp-json\/wp\/v2\/pages\/47\/revisions"}],"predecessor-version":[{"id":343,"href":"https:\/\/www.plemc.usach.cl\/morfismo\/index.php\/wp-json\/wp\/v2\/pages\/47\/revisions\/343"}],"wp:attachment":[{"href":"https:\/\/www.plemc.usach.cl\/morfismo\/index.php\/wp-json\/wp\/v2\/media?parent=47"}],"curies":[{"name":"wp","href":"https:\/\/api.w.org\/{rel}","templated":true}]}}