{"id":18,"date":"2023-06-02T17:18:30","date_gmt":"2023-06-02T17:18:30","guid":{"rendered":"https:\/\/www.plemc.usach.cl\/morfismo\/?page_id=18"},"modified":"2023-09-29T10:12:08","modified_gmt":"2023-09-29T10:12:08","slug":"contacto","status":"publish","type":"page","link":"https:\/\/www.plemc.usach.cl\/morfismo\/index.php\/contacto\/","title":{"rendered":"Contacto"},"content":{"rendered":"\n<figure class=\"wp-block-image size-full is-resized\"><img decoding=\"async\" src=\"https:\/\/www.plemc.usach.cl\/morfismo\/wp-content\/uploads\/2023\/09\/correo-electronico.png\" alt=\"\" class=\"wp-image-338\" width=\"80\" srcset=\"https:\/\/www.plemc.usach.cl\/morfismo\/wp-content\/uploads\/2023\/09\/correo-electronico.png 512w, https:\/\/www.plemc.usach.cl\/morfismo\/wp-content\/uploads\/2023\/09\/correo-electronico-300x300.png 300w, https:\/\/www.plemc.usach.cl\/morfismo\/wp-content\/uploads\/2023\/09\/correo-electronico-150x150.png 150w\" sizes=\"(max-width: 512px) 100vw, 512px\" \/><\/figure>\n\n\n\n<p>Para mayor informaci\u00f3n contactarse al correo: <strong>claudia.arenas.m@usach.cl<\/strong> secretaria de la carrera de Pedagog\u00eda en Matem\u00e1tica y Computaci\u00f3n, o a nuestro mail <strong>morfismos@usach.cl<\/strong><\/p>\n\n\n\n<div style=\"height:100px\" aria-hidden=\"true\" class=\"wp-block-spacer\"><\/div>\n\n\n<div class=\"wp-block-site-logo\"><a href=\"https:\/\/www.plemc.usach.cl\/morfismo\/\" class=\"custom-logo-link\" rel=\"home\"><img loading=\"lazy\" width=\"348\" height=\"56\" src=\"https:\/\/www.plemc.usach.cl\/morfismo\/wp-content\/uploads\/2023\/09\/logo_Morfismo_blanco.png\" class=\"custom-logo\" alt=\"MORFISMO\" decoding=\"async\" srcset=\"https:\/\/www.plemc.usach.cl\/morfismo\/wp-content\/uploads\/2023\/09\/logo_Morfismo_blanco.png 1004w, https:\/\/www.plemc.usach.cl\/morfismo\/wp-content\/uploads\/2023\/09\/logo_Morfismo_blanco-300x48.png 300w, https:\/\/www.plemc.usach.cl\/morfismo\/wp-content\/uploads\/2023\/09\/logo_Morfismo_blanco-768x124.png 768w\" sizes=\"100vw\" \/><\/a><\/div>\n\n\n<figure class=\"wp-block-image size-full is-resized\"><img decoding=\"async\" src=\"https:\/\/www.plemc.usach.cl\/morfismo\/wp-content\/uploads\/2023\/09\/logo_Morfismo-1.png\" alt=\"\" class=\"wp-image-324\" width=\"350\" srcset=\"https:\/\/www.plemc.usach.cl\/morfismo\/wp-content\/uploads\/2023\/09\/logo_Morfismo-1.png 600w, https:\/\/www.plemc.usach.cl\/morfismo\/wp-content\/uploads\/2023\/09\/logo_Morfismo-1-300x49.png 300w\" sizes=\"(max-width: 600px) 100vw, 600px\" \/><\/figure>\n","protected":false},"excerpt":{"rendered":"<p>Para mayor informaci\u00f3n contactarse al correo: claudia.arenas.m@usach.cl secretaria de la carrera de Pedagog\u00eda en Matem\u00e1tica y Computaci\u00f3n, o a nuestro mail morfismos@usach.cl<\/p>\n","protected":false},"author":1,"featured_media":0,"parent":0,"menu_order":0,"comment_status":"closed","ping_status":"closed","template":"","meta":[],"_links":{"self":[{"href":"https:\/\/www.plemc.usach.cl\/morfismo\/index.php\/wp-json\/wp\/v2\/pages\/18"}],"collection":[{"href":"https:\/\/www.plemc.usach.cl\/morfismo\/index.php\/wp-json\/wp\/v2\/pages"}],"about":[{"href":"https:\/\/www.plemc.usach.cl\/morfismo\/index.php\/wp-json\/wp\/v2\/types\/page"}],"author":[{"embeddable":true,"href":"https:\/\/www.plemc.usach.cl\/morfismo\/index.php\/wp-json\/wp\/v2\/users\/1"}],"replies":[{"embeddable":true,"href":"https:\/\/www.plemc.usach.cl\/morfismo\/index.php\/wp-json\/wp\/v2\/comments?post=18"}],"version-history":[{"count":12,"href":"https:\/\/www.plemc.usach.cl\/morfismo\/index.php\/wp-json\/wp\/v2\/pages\/18\/revisions"}],"predecessor-version":[{"id":345,"href":"https:\/\/www.plemc.usach.cl\/morfismo\/index.php\/wp-json\/wp\/v2\/pages\/18\/revisions\/345"}],"wp:attachment":[{"href":"https:\/\/www.plemc.usach.cl\/morfismo\/index.php\/wp-json\/wp\/v2\/media?parent=18"}],"curies":[{"name":"wp","href":"https:\/\/api.w.org\/{rel}","templated":true}]}}